{"id":5,"date":"2019-06-10T16:18:35","date_gmt":"2019-06-10T16:18:35","guid":{"rendered":"https:\/\/www.ssec.wisc.edu\/flood-map-demo\/?page_id=5"},"modified":"2026-04-27T15:19:18","modified_gmt":"2026-04-27T15:19:18","slug":"home-page","status":"publish","type":"page","link":"https:\/\/www.ssec.wisc.edu\/flood-map-demo\/","title":{"rendered":"LEO\/GEO Flood Mapping Website"},"content":{"rendered":"\n<p class=\"has-text-align-center\"><strong>This site is for users access the NOAA LEO\/GEO Flood Mapping Product. Products found here are demonstration products and are run on a best effort basis<\/strong>.<br><strong>We are working to make this site more accessible to everyone<\/strong><\/p>\n\n\n\n<p><!-- <p>Note - due to upstream issues, global VIIRS data is currently unavailable as of 12 Sep 2020. This issue is currently being resolved.<\/p> --><\/p>\n\n\n\n<!--- <h4 class=\"has-text-align-center\"><strong><span class=\"has-inline-color has-vivid-red-color\">Notice \u2013 due to upstream issues, all products are not being produced. FTP site is also down. <\/span><\/strong><\/h4> -->\n\n\n\n<p class=\"has-text-align-center\">A brief quick guide of and overview of the NOAA LEO\/GEO products is shown below. <a href=\"https:\/\/www.ssec.wisc.edu\/flood-map-demo\/wp-content\/uploads\/sites\/38\/2020\/11\/Global_VIIRS_ABI_AHI_Flood_Mapping_UserGuide_06222020.pdf\" target=\"_blank\" rel=\"noreferrer noopener\">Please click on this to download guide in PDF Form<\/a><\/p>\n\n\n\n<p>Para documentos de mapas de inundaciones en espa\u00f1ol en PDF, <a href=\"https:\/\/www.ssec.wisc.edu\/flood-map-demo\/documentos-de-mapeo-de-inundaciones-noaa-leo-geo-en-espanol\/\" data-type=\"URL\" data-id=\"https:\/\/www.ssec.wisc.edu\/flood-map-demo\/documentos-de-mapeo-de-inundaciones-noaa-leo-geo-en-espanol\/\" target=\"_blank\" rel=\"noreferrer noopener\">por favor, haz clic aqu\u00ed para descargar la versi\u00f3n en espa\u00f1ol del PDF<\/a><\/p>\n\n\n\n<iframe loading=\"lazy\" src=\"https:\/\/www.ssec.wisc.edu\/flood-map-demo\/wp-content\/uploads\/sites\/38\/2020\/11\/Global_VIIRS_ABI_AHI_Flood_Mapping_UserGuide_06222020.pdf\" width=\"900\" height=\"560\"> <\/iframe>\n\n\n\n<p>Click here for Quick links to regional products: <a href=\"https:\/\/www.ssec.wisc.edu\/flood-map-demo\/flood-products\/us-flood-products\/\">Link to US Flood Products<\/a>, <a href=\"https:\/\/www.ssec.wisc.edu\/flood-map-demo\/flood-products\/asian-flood-products\/\">Link to Asia Flood Products<\/a>, <a href=\"https:\/\/www.ssec.wisc.edu\/flood-map-demo\/flood-products\/individual-product-links-within-realearth\/\">Link to Global Flood products<\/a><\/p>\n\n\n\n<!--- <h4 class=\"has-text-align-center\"><strong><span class=\"has-inline-color has-vivid-red-color\">Notice \u2013 due to upstream issues, all products are not being produced. FTP site is also down. <\/span><\/strong><\/h4> \n\n<p class=\"has-text-align-left has-small-font-size\">Click <a href=\"https:\/\/www.ssec.wisc.edu\/flood-map-demo\/sample-flood-and-related-products-in-real-earth\/\" target=\"_blank\" rel=\"noreferrer noopener\">here <\/a>for an embedded <em>SSEC RealEarth<\/em> map with some basic flood products.<br>Click <a href=\"https:\/\/experience.arcgis.com\/experience\/7ffb38c3c41b464a9c36446e80705f0c\" target=\"_blank\" rel=\"noreferrer noopener\">here <\/a>for ESRI Experience Builder Web App.<\/p> -->\n","protected":false},"excerpt":{"rendered":"<p>This site is for users access the NOAA LEO\/GEO Flood Mapping Product. Products found here are demonstration products and are run on a best effort basis.We are working to make this site more accessible to everyone A brief quick guide of and overview of the NOAA LEO\/GEO products is shown below. Please click on this [&hellip;]<\/p>\n","protected":false},"author":16,"featured_media":0,"parent":0,"menu_order":0,"comment_status":"closed","ping_status":"closed","template":"","meta":{"_acf_changed":false,"footnotes":""},"class_list":["post-5","page","type-page","status-publish","hentry"],"acf":[],"_links":{"self":[{"href":"https:\/\/www.ssec.wisc.edu\/flood-map-demo\/wp-json\/wp\/v2\/pages\/5","targetHints":{"allow":["GET"]}}],"collection":[{"href":"https:\/\/www.ssec.wisc.edu\/flood-map-demo\/wp-json\/wp\/v2\/pages"}],"about":[{"href":"https:\/\/www.ssec.wisc.edu\/flood-map-demo\/wp-json\/wp\/v2\/types\/page"}],"author":[{"embeddable":true,"href":"https:\/\/www.ssec.wisc.edu\/flood-map-demo\/wp-json\/wp\/v2\/users\/16"}],"replies":[{"embeddable":true,"href":"https:\/\/www.ssec.wisc.edu\/flood-map-demo\/wp-json\/wp\/v2\/comments?post=5"}],"version-history":[{"count":90,"href":"https:\/\/www.ssec.wisc.edu\/flood-map-demo\/wp-json\/wp\/v2\/pages\/5\/revisions"}],"predecessor-version":[{"id":1167,"href":"https:\/\/www.ssec.wisc.edu\/flood-map-demo\/wp-json\/wp\/v2\/pages\/5\/revisions\/1167"}],"wp:attachment":[{"href":"https:\/\/www.ssec.wisc.edu\/flood-map-demo\/wp-json\/wp\/v2\/media?parent=5"}],"curies":[{"name":"wp","href":"https:\/\/api.w.org\/{rel}","templated":true}]}}