{"id":717,"date":"2019-12-15T23:53:19","date_gmt":"2019-12-15T23:53:19","guid":{"rendered":"https:\/\/www.ssec.wisc.edu\/flood-map-demo\/?page_id=717"},"modified":"2026-04-14T19:33:43","modified_gmt":"2026-04-14T19:33:43","slug":"archive-and-training-links","status":"publish","type":"page","link":"https:\/\/www.ssec.wisc.edu\/flood-map-demo\/archive-and-training-links\/","title":{"rendered":"Tools, Archive and Training Links"},"content":{"rendered":"\n<h3 class=\"wp-block-heading\">Training<\/h3>\n\n\n\n<p class=\"has-medium-font-size\">UCAR\/COMET has developed a free training course on the usage of this website <a href=\"https:\/\/www.meted.ucar.edu\/education_training\/lesson\/10057\" data-type=\"URL\" data-id=\"https:\/\/www.meted.ucar.edu\/sign_in.php?go_back_to=\/satmet\/flood_map\/navmenu.php\" target=\"_blank\" rel=\"noreferrer noopener\">here<\/a><br><br>La capacitaci\u00f3n de UCAR sobre el uso del sitio web de inundaciones globales del Grupo de Pruebas de Sat\u00e9lites de la NOAA se <a href=\"https:\/\/www.meted.ucar.edu\/education_training\/lesson\/10141\" target=\"_blank\" rel=\"noreferrer noopener\">puede encontrar aqu\u00ed<\/a><\/p>\n\n\n\n<h3 class=\"wp-block-heading\">Tools<\/h3>\n\n\n\n<p class=\"has-medium-font-size\">A selection of products are available in AWIPS2, for more information refer to this <a href=\"https:\/\/docs.google.com\/document\/d\/1mEDFEXzIXCTEGXfb_coLGm2fkONdsPl9G0hj7xS2AYM\/edit?usp=sharing\">link to help document<\/a><\/p>\n\n\n\n<h3 class=\"wp-block-heading\">LEO\/GEO Archive<\/h3>\n\n\n\n<p><strong>The GMU archive is CURRENTLY OFFLINE<br><\/strong><s>The experimental archive of the NOAA LEO\/GEO Flood extent products can be downloaded: <a href=\"https:\/\/jpssflood.gmu.edu\/\">https:\/\/jpssflood.gmu.edu\/<\/a><br><br>Products in GIS (shapefile and geoTIF) as well as the raw HDF formats and visual png images of the products are available from 02 October 2019 through the previous day are available for user specified domains and time periods.<\/s><\/p>\n\n\n\n<p>1-day and 5-day composites from 2012-2020 and August 2023 &#8211; Present can be found on AWS at <br><a href=\"https:\/\/noaa-jpss.s3.amazonaws.com\/index.html#JPSS_Blended_Products\/\" target=\"_blank\" rel=\"noreferrer noopener\">this link to the Amazon Web Service<\/a> <br><br>The 1 day composites can be found in the <a href=\"https:\/\/noaa-jpss.s3.amazonaws.com\/index.html#JPSS_Blended_Products\/VFM_1day_GLB\/\" data-type=\"link\" data-id=\"https:\/\/noaa-jpss.s3.amazonaws.com\/index.html#JPSS_Blended_Products\/VFM_1day_GLB\/\">link to the VIIRS 1 Day (VFM_1day_GLB)<\/a> folder and the 5-day in the <a href=\"https:\/\/noaa-jpss.s3.amazonaws.com\/index.html#JPSS_Blended_Products\/VFM_5day_GLB\/\" data-type=\"link\" data-id=\"https:\/\/noaa-jpss.s3.amazonaws.com\/index.html#JPSS_Blended_Products\/VFM_5day_GLB\/\">link to the VIIRS 5 Day (VFM_5day_GLB)<\/a> folder<br><br>Please note that the raw files are in <strong>NetCDF4<\/strong>, but are organized similarly to the HDF files. Also GeoTIF and Shape files are available<\/p>\n\n\n\n<p>Link to Area of Interest Map to locate which GBLxxx files are needed for a specific area can be found <a href=\"https:\/\/www.ssec.wisc.edu\/~jhoffman\/aoi.png\" data-type=\"link\" data-id=\"https:\/\/www.ssec.wisc.edu\/~jhoffman\/aoi.png\">by clicking this link<\/a>. It is suggested that users use the Amazon Command Line interface to download files. Files located on the AWS bucket are egress free downloads.<\/p>\n\n\n\n<h3 class=\"wp-block-heading\">LEO\/GEO NRT Cloud repositories<\/h3>\n\n\n\n<p class=\"has-medium-font-size\">The <strong>LEO VIIRS Flood swath products<\/strong> on AWS can be found at <br><a href=\"https:\/\/noaa-nesdis-n21-pds.s3.amazonaws.com\/index.html#VIIRS_VFM_MWS_MOSAIC\/\">This link for NOAA-21<\/a><\/p>\n\n\n\n<p class=\"has-medium-font-size\"><a href=\"https:\/\/noaa-nesdis-n20-pds.s3.amazonaws.com\/index.html#VIIRS_VFM_MWS_MOSAIC\">and this link for NOAA-20<\/a><br><br>The <strong>ABI VIIRS Flood products<\/strong> on AWS can be found at : (link TBD)<\/p>\n\n\n\n<h3 class=\"wp-block-heading\">Value information within files<\/h3>\n\n\n\n<p class=\"has-medium-font-size\">Information on the values contained in the geoTIF, PNG and raw files can be found <a href=\"https:\/\/www.ssec.wisc.edu\/flood-map-demo\/wp-content\/uploads\/sites\/38\/2021\/11\/AOI_list_10182020.png\" target=\"_blank\" rel=\"noreferrer noopener\">at this link<\/a>.<br><br>If you have any questions, please contact William Straka (william.straka @ ssec . wisc . edu)<\/p>\n\n\n\n<h3 class=\"wp-block-heading\">LEO\/GEO Archive<\/h3>\n","protected":false},"excerpt":{"rendered":"<p>Training UCAR\/COMET has developed a free training course on the usage of this website here La capacitaci\u00f3n de UCAR sobre el uso del sitio web de inundaciones globales del Grupo de Pruebas de Sat\u00e9lites de la NOAA se puede encontrar aqu\u00ed Tools A selection of products are available in AWIPS2, for more information refer to [&hellip;]<\/p>\n","protected":false},"author":51,"featured_media":0,"parent":0,"menu_order":0,"comment_status":"closed","ping_status":"closed","template":"","meta":{"_acf_changed":false,"footnotes":""},"class_list":["post-717","page","type-page","status-publish","hentry"],"acf":[],"_links":{"self":[{"href":"https:\/\/www.ssec.wisc.edu\/flood-map-demo\/wp-json\/wp\/v2\/pages\/717","targetHints":{"allow":["GET"]}}],"collection":[{"href":"https:\/\/www.ssec.wisc.edu\/flood-map-demo\/wp-json\/wp\/v2\/pages"}],"about":[{"href":"https:\/\/www.ssec.wisc.edu\/flood-map-demo\/wp-json\/wp\/v2\/types\/page"}],"author":[{"embeddable":true,"href":"https:\/\/www.ssec.wisc.edu\/flood-map-demo\/wp-json\/wp\/v2\/users\/51"}],"replies":[{"embeddable":true,"href":"https:\/\/www.ssec.wisc.edu\/flood-map-demo\/wp-json\/wp\/v2\/comments?post=717"}],"version-history":[{"count":28,"href":"https:\/\/www.ssec.wisc.edu\/flood-map-demo\/wp-json\/wp\/v2\/pages\/717\/revisions"}],"predecessor-version":[{"id":1161,"href":"https:\/\/www.ssec.wisc.edu\/flood-map-demo\/wp-json\/wp\/v2\/pages\/717\/revisions\/1161"}],"wp:attachment":[{"href":"https:\/\/www.ssec.wisc.edu\/flood-map-demo\/wp-json\/wp\/v2\/media?parent=717"}],"curies":[{"name":"wp","href":"https:\/\/api.w.org\/{rel}","templated":true}]}}